{"id":28,"date":"2024-06-25T14:41:32","date_gmt":"2024-06-25T17:41:32","guid":{"rendered":"https:\/\/lacylimanutri.com.br\/?page_id=28"},"modified":"2025-10-24T11:01:37","modified_gmt":"2025-10-24T14:01:37","slug":"links-da-bio","status":"publish","type":"page","link":"https:\/\/lacylimanutri.com.br\/","title":{"rendered":"Links da bio"},"content":{"rendered":"\t\t<div data-elementor-type=\"wp-page\" data-elementor-id=\"28\" class=\"elementor elementor-28\">\n\t\t\t\t<div class=\"elementor-element elementor-element-cfa5caa e-con-full e-flex e-con e-parent\" data-id=\"cfa5caa\" data-element_type=\"container\" data-settings=\"{&quot;background_background&quot;:&quot;classic&quot;}\">\n\t\t<div class=\"elementor-element elementor-element-9976ddb e-con-full e-flex e-con e-child\" data-id=\"9976ddb\" data-element_type=\"container\">\n\t\t\t\t<div class=\"elementor-element elementor-element-373ef20 elementor-widget elementor-widget-image\" data-id=\"373ef20\" data-element_type=\"widget\" data-widget_type=\"image.default\">\n\t\t\t\t<div class=\"elementor-widget-container\">\n\t\t\t<style>\/*! elementor - v3.21.0 - 26-05-2024 *\/\n.elementor-widget-image{text-align:center}.elementor-widget-image a{display:inline-block}.elementor-widget-image a img[src$=\".svg\"]{width:48px}.elementor-widget-image img{vertical-align:middle;display:inline-block}<\/style>\t\t\t\t\t\t\t\t\t\t\t<a href=\"https:\/\/api.whatsapp.com\/message\/WIZCNRV2TH55B1?autoload=1&#038;app_absent=0\">\n\t\t\t\t\t\t\t<img fetchpriority=\"high\" decoding=\"async\" width=\"750\" height=\"405\" src=\"https:\/\/lacylimanutri.com.br\/wp-content\/uploads\/2024\/06\/BOTAO-Agendar-a-sua-consulta.png\" class=\"elementor-animation-shrink attachment-full size-full wp-image-229\" alt=\"\" srcset=\"https:\/\/lacylimanutri.com.br\/wp-content\/uploads\/2024\/06\/BOTAO-Agendar-a-sua-consulta.png 750w, https:\/\/lacylimanutri.com.br\/wp-content\/uploads\/2024\/06\/BOTAO-Agendar-a-sua-consulta-300x162.png 300w\" sizes=\"(max-width: 750px) 100vw, 750px\" \/>\t\t\t\t\t\t\t\t<\/a>\n\t\t\t\t\t\t\t\t\t\t\t\t\t<\/div>\n\t\t\t\t<\/div>\n\t\t\t\t<div class=\"elementor-element elementor-element-b317e23 elementor-widget elementor-widget-heading\" data-id=\"b317e23\" data-element_type=\"widget\" data-widget_type=\"heading.default\">\n\t\t\t\t<div class=\"elementor-widget-container\">\n\t\t\t<style>\/*! elementor - v3.21.0 - 26-05-2024 *\/\n.elementor-heading-title{padding:0;margin:0;line-height:1}.elementor-widget-heading .elementor-heading-title[class*=elementor-size-]>a{color:inherit;font-size:inherit;line-height:inherit}.elementor-widget-heading .elementor-heading-title.elementor-size-small{font-size:15px}.elementor-widget-heading .elementor-heading-title.elementor-size-medium{font-size:19px}.elementor-widget-heading .elementor-heading-title.elementor-size-large{font-size:29px}.elementor-widget-heading .elementor-heading-title.elementor-size-xl{font-size:39px}.elementor-widget-heading .elementor-heading-title.elementor-size-xxl{font-size:59px}<\/style><h2 class=\"elementor-heading-title elementor-size-default\">OUTROS SERVI\u00c7OS<\/h2>\t\t<\/div>\n\t\t\t\t<\/div>\n\t\t\t\t<div class=\"elementor-element elementor-element-0342bca elementor-widget elementor-widget-image\" data-id=\"0342bca\" data-element_type=\"widget\" data-widget_type=\"image.default\">\n\t\t\t\t<div class=\"elementor-widget-container\">\n\t\t\t\t\t\t\t\t\t\t\t\t\t\t<a href=\"https:\/\/lacylimanutri.com.br\/index.php\/exame-de-calorimetria-indireta-ig\/\">\n\t\t\t\t\t\t\t<img decoding=\"async\" width=\"750\" height=\"405\" src=\"https:\/\/lacylimanutri.com.br\/wp-content\/uploads\/2024\/06\/BOTAO-Exame-de-Calorimetria-Indireta.jpg\" class=\"elementor-animation-shrink attachment-full size-full wp-image-232\" alt=\"\" srcset=\"https:\/\/lacylimanutri.com.br\/wp-content\/uploads\/2024\/06\/BOTAO-Exame-de-Calorimetria-Indireta.jpg 750w, https:\/\/lacylimanutri.com.br\/wp-content\/uploads\/2024\/06\/BOTAO-Exame-de-Calorimetria-Indireta-300x162.jpg 300w\" sizes=\"(max-width: 750px) 100vw, 750px\" \/>\t\t\t\t\t\t\t\t<\/a>\n\t\t\t\t\t\t\t\t\t\t\t\t\t<\/div>\n\t\t\t\t<\/div>\n\t\t\t\t<div class=\"elementor-element elementor-element-c839b08 elementor-widget elementor-widget-image\" data-id=\"c839b08\" data-element_type=\"widget\" data-widget_type=\"image.default\">\n\t\t\t\t<div class=\"elementor-widget-container\">\n\t\t\t\t\t\t\t\t\t\t\t\t\t\t<a href=\"https:\/\/api.whatsapp.com\/send?phone=5579998116061&#038;text=Ol%C3%A1!%20Gostaria%20de%20mais%20informa%C3%A7%C3%B5es%20sobre%20o%20Exame%20de%20Polissonografia.\">\n\t\t\t\t\t\t\t<img decoding=\"async\" width=\"750\" height=\"405\" src=\"https:\/\/lacylimanutri.com.br\/wp-content\/uploads\/2025\/03\/WIDGETS-Pagina-de-vendas-de-mentoria-para-nutricionistas-Site-750-x-405-px-9-1.png\" class=\"elementor-animation-shrink attachment-full size-full wp-image-673\" alt=\"\" srcset=\"https:\/\/lacylimanutri.com.br\/wp-content\/uploads\/2025\/03\/WIDGETS-Pagina-de-vendas-de-mentoria-para-nutricionistas-Site-750-x-405-px-9-1.png 750w, https:\/\/lacylimanutri.com.br\/wp-content\/uploads\/2025\/03\/WIDGETS-Pagina-de-vendas-de-mentoria-para-nutricionistas-Site-750-x-405-px-9-1-300x162.png 300w\" sizes=\"(max-width: 750px) 100vw, 750px\" \/>\t\t\t\t\t\t\t\t<\/a>\n\t\t\t\t\t\t\t\t\t\t\t\t\t<\/div>\n\t\t\t\t<\/div>\n\t\t\t\t<\/div>\n\t\t\t\t<\/div>\n\t\t<div class=\"elementor-element elementor-element-9745f6d elementor-hidden-desktop elementor-hidden-tablet e-flex e-con-boxed e-con e-parent\" data-id=\"9745f6d\" data-element_type=\"container\" data-settings=\"{&quot;background_background&quot;:&quot;classic&quot;}\">\n\t\t\t\t\t<div class=\"e-con-inner\">\n\t\t<div class=\"elementor-element elementor-element-1d4cf1c e-con-full e-flex e-con e-child\" data-id=\"1d4cf1c\" data-element_type=\"container\" data-settings=\"{&quot;background_background&quot;:&quot;gradient&quot;}\">\n\t\t<div class=\"elementor-element elementor-element-3d0a9cc e-con-full e-flex e-con e-child\" data-id=\"3d0a9cc\" data-element_type=\"container\">\n\t\t\t\t<div class=\"elementor-element elementor-element-dc05638 elementor-widget elementor-widget-heading\" data-id=\"dc05638\" data-element_type=\"widget\" data-widget_type=\"heading.default\">\n\t\t\t\t<div class=\"elementor-widget-container\">\n\t\t\t<h2 class=\"elementor-heading-title elementor-size-default\">E-BOOKS DA NUTRI<\/h2>\t\t<\/div>\n\t\t\t\t<\/div>\n\t\t\t\t<div class=\"elementor-element elementor-element-f377e3d elementor-widget elementor-widget-image\" data-id=\"f377e3d\" data-element_type=\"widget\" data-widget_type=\"image.default\">\n\t\t\t\t<div class=\"elementor-widget-container\">\n\t\t\t\t\t\t\t\t\t\t\t\t\t\t<a href=\"https:\/\/payfast.greenn.com.br\/58360?ch_id=13015&#038;b_id_1=58361&#038;b_offer_1=yldbat\">\n\t\t\t\t\t\t\t<img loading=\"lazy\" decoding=\"async\" width=\"750\" height=\"405\" src=\"https:\/\/lacylimanutri.com.br\/wp-content\/uploads\/2024\/06\/BOTAO-E-Book-Nutrir-Com-Amor.png\" class=\"elementor-animation-shrink attachment-full size-full wp-image-231\" alt=\"\" srcset=\"https:\/\/lacylimanutri.com.br\/wp-content\/uploads\/2024\/06\/BOTAO-E-Book-Nutrir-Com-Amor.png 750w, https:\/\/lacylimanutri.com.br\/wp-content\/uploads\/2024\/06\/BOTAO-E-Book-Nutrir-Com-Amor-300x162.png 300w\" sizes=\"(max-width: 750px) 100vw, 750px\" \/>\t\t\t\t\t\t\t\t<\/a>\n\t\t\t\t\t\t\t\t\t\t\t\t\t<\/div>\n\t\t\t\t<\/div>\n\t\t\t\t<div class=\"elementor-element elementor-element-722ada4 elementor-widget elementor-widget-image\" data-id=\"722ada4\" data-element_type=\"widget\" data-widget_type=\"image.default\">\n\t\t\t\t<div class=\"elementor-widget-container\">\n\t\t\t\t\t\t\t\t\t\t\t\t\t\t<a href=\"https:\/\/payfast.greenn.com.br\/58361?ch_id=13016&#038;b_id=13016&#038;b_id_1=58360&#038;b_offer_1=xVNKZt\">\n\t\t\t\t\t\t\t<img loading=\"lazy\" decoding=\"async\" width=\"750\" height=\"405\" src=\"https:\/\/lacylimanutri.com.br\/wp-content\/uploads\/2024\/06\/BOTAO-Receitas-Para-Seu-Frango.png\" class=\"elementor-animation-shrink attachment-full size-full wp-image-233\" alt=\"\" srcset=\"https:\/\/lacylimanutri.com.br\/wp-content\/uploads\/2024\/06\/BOTAO-Receitas-Para-Seu-Frango.png 750w, https:\/\/lacylimanutri.com.br\/wp-content\/uploads\/2024\/06\/BOTAO-Receitas-Para-Seu-Frango-300x162.png 300w\" sizes=\"(max-width: 750px) 100vw, 750px\" \/>\t\t\t\t\t\t\t\t<\/a>\n\t\t\t\t\t\t\t\t\t\t\t\t\t<\/div>\n\t\t\t\t<\/div>\n\t\t\t\t<div class=\"elementor-element elementor-element-8c93fce elementor-widget elementor-widget-image\" data-id=\"8c93fce\" data-element_type=\"widget\" data-widget_type=\"image.default\">\n\t\t\t\t<div class=\"elementor-widget-container\">\n\t\t\t\t\t\t\t\t\t\t\t\t\t\t<a href=\"https:\/\/payfast.greenn.com.br\/68551?ch_id=13020\">\n\t\t\t\t\t\t\t<img loading=\"lazy\" decoding=\"async\" width=\"750\" height=\"405\" src=\"https:\/\/lacylimanutri.com.br\/wp-content\/uploads\/2024\/07\/WIDGETS-Pagina-de-vendas-de-mentoria-para-nutricionistas-Site-750-x-405-px-7-1.png\" class=\"elementor-animation-shrink attachment-full size-full wp-image-382\" alt=\"\" srcset=\"https:\/\/lacylimanutri.com.br\/wp-content\/uploads\/2024\/07\/WIDGETS-Pagina-de-vendas-de-mentoria-para-nutricionistas-Site-750-x-405-px-7-1.png 750w, https:\/\/lacylimanutri.com.br\/wp-content\/uploads\/2024\/07\/WIDGETS-Pagina-de-vendas-de-mentoria-para-nutricionistas-Site-750-x-405-px-7-1-300x162.png 300w\" sizes=\"(max-width: 750px) 100vw, 750px\" \/>\t\t\t\t\t\t\t\t<\/a>\n\t\t\t\t\t\t\t\t\t\t\t\t\t<\/div>\n\t\t\t\t<\/div>\n\t\t\t\t<\/div>\n\t\t\t\t<\/div>\n\t\t\t\t\t<\/div>\n\t\t\t\t<\/div>\n\t\t<div class=\"elementor-element elementor-element-3a1f811 elementor-hidden-desktop elementor-hidden-tablet e-flex e-con-boxed e-con e-parent\" data-id=\"3a1f811\" data-element_type=\"container\" data-settings=\"{&quot;background_background&quot;:&quot;classic&quot;}\">\n\t\t\t\t\t<div class=\"e-con-inner\">\n\t\t\t\t<div class=\"elementor-element elementor-element-cf236c0 elementor-widget elementor-widget-image\" data-id=\"cf236c0\" data-element_type=\"widget\" data-widget_type=\"image.default\">\n\t\t\t\t<div class=\"elementor-widget-container\">\n\t\t\t\t\t\t\t\t\t\t\t\t\t\t<a href=\"https:\/\/www.youtube.com\/c\/LacyLima\">\n\t\t\t\t\t\t\t<img loading=\"lazy\" decoding=\"async\" width=\"750\" height=\"405\" src=\"https:\/\/lacylimanutri.com.br\/wp-content\/uploads\/2024\/06\/BOTAO-Canal-do-YouTube.png\" class=\"elementor-animation-shrink attachment-full size-full wp-image-230\" alt=\"\" srcset=\"https:\/\/lacylimanutri.com.br\/wp-content\/uploads\/2024\/06\/BOTAO-Canal-do-YouTube.png 750w, https:\/\/lacylimanutri.com.br\/wp-content\/uploads\/2024\/06\/BOTAO-Canal-do-YouTube-300x162.png 300w\" sizes=\"(max-width: 750px) 100vw, 750px\" \/>\t\t\t\t\t\t\t\t<\/a>\n\t\t\t\t\t\t\t\t\t\t\t\t\t<\/div>\n\t\t\t\t<\/div>\n\t\t\t\t\t<\/div>\n\t\t\t\t<\/div>\n\t\t<div class=\"elementor-element elementor-element-9d82212 elementor-hidden-desktop elementor-hidden-tablet e-flex e-con-boxed e-con e-parent\" data-id=\"9d82212\" data-element_type=\"container\" data-settings=\"{&quot;background_background&quot;:&quot;classic&quot;}\">\n\t\t\t\t\t<div class=\"e-con-inner\">\n\t\t<div class=\"elementor-element elementor-element-e9d031b e-con-full e-flex e-con e-child\" data-id=\"e9d031b\" data-element_type=\"container\">\n\t\t\t\t<div class=\"elementor-element elementor-element-a0e8f9c elementor-widget elementor-widget-image\" data-id=\"a0e8f9c\" data-element_type=\"widget\" data-widget_type=\"image.default\">\n\t\t\t\t<div class=\"elementor-widget-container\">\n\t\t\t\t\t\t\t\t\t\t\t\t\t<img loading=\"lazy\" decoding=\"async\" width=\"922\" height=\"1024\" src=\"https:\/\/lacylimanutri.com.br\/wp-content\/uploads\/2024\/06\/IMG-Lacy-Lima-922x1024.png\" class=\"attachment-large size-large wp-image-234\" alt=\"\" srcset=\"https:\/\/lacylimanutri.com.br\/wp-content\/uploads\/2024\/06\/IMG-Lacy-Lima-922x1024.png 922w, https:\/\/lacylimanutri.com.br\/wp-content\/uploads\/2024\/06\/IMG-Lacy-Lima-270x300.png 270w, https:\/\/lacylimanutri.com.br\/wp-content\/uploads\/2024\/06\/IMG-Lacy-Lima-768x853.png 768w, https:\/\/lacylimanutri.com.br\/wp-content\/uploads\/2024\/06\/IMG-Lacy-Lima.png 1350w\" sizes=\"(max-width: 922px) 100vw, 922px\" \/>\t\t\t\t\t\t\t\t\t\t\t\t\t<\/div>\n\t\t\t\t<\/div>\n\t\t\t\t<div class=\"elementor-element elementor-element-8ea3623 elementor-widget elementor-widget-heading\" data-id=\"8ea3623\" data-element_type=\"widget\" data-widget_type=\"heading.default\">\n\t\t\t\t<div class=\"elementor-widget-container\">\n\t\t\t<h2 class=\"elementor-heading-title elementor-size-default\">Lacy Lima<\/h2>\t\t<\/div>\n\t\t\t\t<\/div>\n\t\t\t\t<div class=\"elementor-element elementor-element-9c5ed36 elementor-widget elementor-widget-heading\" data-id=\"9c5ed36\" data-element_type=\"widget\" data-widget_type=\"heading.default\">\n\t\t\t\t<div class=\"elementor-widget-container\">\n\t\t\t<h2 class=\"elementor-heading-title elementor-size-default\">Sou formada pela Universidade Tiradentes desde 2014 e <b>especialista em nutri\u00e7\u00e3o esportiva<\/b>, <b>nutri\u00e7\u00e3o cl\u00ednica<\/b> e <b>sa\u00fade intestinal<\/b>, com forma\u00e7\u00e3o em modula\u00e7\u00e3o intestinal. Ao longo dos anos, <b>tive a oportunidade de atender mais de 10 mil pacientes<\/b>, aplicando meus conhecimentos <b>para promover sa\u00fade e bem-estar atrav\u00e9s da nutri\u00e7\u00e3o de qualidade<\/b>, com foco al\u00e9m da est\u00e9tica.<\/h2>\t\t<\/div>\n\t\t\t\t<\/div>\n\t\t\t\t<\/div>\n\t\t\t\t\t<\/div>\n\t\t\t\t<\/div>\n\t\t<div class=\"elementor-element elementor-element-fb3c58f elementor-hidden-mobile e-flex e-con-boxed e-con e-parent\" data-id=\"fb3c58f\" data-element_type=\"container\" data-settings=\"{&quot;background_background&quot;:&quot;classic&quot;}\">\n\t\t\t\t\t<div class=\"e-con-inner\">\n\t\t<div class=\"elementor-element elementor-element-1fe0171 e-con-full e-flex e-con e-child\" data-id=\"1fe0171\" data-element_type=\"container\" data-settings=\"{&quot;background_background&quot;:&quot;gradient&quot;}\">\n\t\t<div class=\"elementor-element elementor-element-598d6b7 e-con-full e-flex e-con e-child\" data-id=\"598d6b7\" data-element_type=\"container\">\n\t\t\t\t<div class=\"elementor-element elementor-element-225116c elementor-widget elementor-widget-heading\" data-id=\"225116c\" data-element_type=\"widget\" data-widget_type=\"heading.default\">\n\t\t\t\t<div class=\"elementor-widget-container\">\n\t\t\t<h2 class=\"elementor-heading-title elementor-size-default\">E-BOOKS DA NUTRI<\/h2>\t\t<\/div>\n\t\t\t\t<\/div>\n\t\t\t\t<div class=\"elementor-element elementor-element-736cb0b elementor-widget elementor-widget-image\" data-id=\"736cb0b\" data-element_type=\"widget\" data-widget_type=\"image.default\">\n\t\t\t\t<div class=\"elementor-widget-container\">\n\t\t\t\t\t\t\t\t\t\t\t\t\t\t<a href=\"https:\/\/payfast.greenn.com.br\/58360?ch_id=13015&#038;b_id_1=58361&#038;b_offer_1=yldbat\">\n\t\t\t\t\t\t\t<img loading=\"lazy\" decoding=\"async\" width=\"750\" height=\"405\" src=\"https:\/\/lacylimanutri.com.br\/wp-content\/uploads\/2024\/06\/BOTAO-E-Book-Nutrir-Com-Amor.png\" class=\"elementor-animation-shrink attachment-full size-full wp-image-231\" alt=\"\" srcset=\"https:\/\/lacylimanutri.com.br\/wp-content\/uploads\/2024\/06\/BOTAO-E-Book-Nutrir-Com-Amor.png 750w, https:\/\/lacylimanutri.com.br\/wp-content\/uploads\/2024\/06\/BOTAO-E-Book-Nutrir-Com-Amor-300x162.png 300w\" sizes=\"(max-width: 750px) 100vw, 750px\" \/>\t\t\t\t\t\t\t\t<\/a>\n\t\t\t\t\t\t\t\t\t\t\t\t\t<\/div>\n\t\t\t\t<\/div>\n\t\t\t\t<div class=\"elementor-element elementor-element-847776c elementor-widget elementor-widget-image\" data-id=\"847776c\" data-element_type=\"widget\" data-widget_type=\"image.default\">\n\t\t\t\t<div class=\"elementor-widget-container\">\n\t\t\t\t\t\t\t\t\t\t\t\t\t\t<a href=\"https:\/\/payfast.greenn.com.br\/58361?ch_id=13016&#038;b_id=13016&#038;b_id_1=58360&#038;b_offer_1=xVNKZt\">\n\t\t\t\t\t\t\t<img loading=\"lazy\" decoding=\"async\" width=\"750\" height=\"405\" src=\"https:\/\/lacylimanutri.com.br\/wp-content\/uploads\/2024\/06\/BOTAO-Receitas-Para-Seu-Frango.png\" class=\"elementor-animation-shrink attachment-full size-full wp-image-233\" alt=\"\" srcset=\"https:\/\/lacylimanutri.com.br\/wp-content\/uploads\/2024\/06\/BOTAO-Receitas-Para-Seu-Frango.png 750w, https:\/\/lacylimanutri.com.br\/wp-content\/uploads\/2024\/06\/BOTAO-Receitas-Para-Seu-Frango-300x162.png 300w\" sizes=\"(max-width: 750px) 100vw, 750px\" \/>\t\t\t\t\t\t\t\t<\/a>\n\t\t\t\t\t\t\t\t\t\t\t\t\t<\/div>\n\t\t\t\t<\/div>\n\t\t\t\t<div class=\"elementor-element elementor-element-4d423b2 elementor-widget elementor-widget-image\" data-id=\"4d423b2\" data-element_type=\"widget\" data-widget_type=\"image.default\">\n\t\t\t\t<div class=\"elementor-widget-container\">\n\t\t\t\t\t\t\t\t\t\t\t\t\t\t<a href=\"https:\/\/payfast.greenn.com.br\/68551?ch_id=13020\">\n\t\t\t\t\t\t\t<img loading=\"lazy\" decoding=\"async\" width=\"750\" height=\"405\" src=\"https:\/\/lacylimanutri.com.br\/wp-content\/uploads\/2024\/07\/WIDGETS-Pagina-de-vendas-de-mentoria-para-nutricionistas-Site-750-x-405-px-7-1.png\" class=\"elementor-animation-shrink attachment-full size-full wp-image-382\" alt=\"\" srcset=\"https:\/\/lacylimanutri.com.br\/wp-content\/uploads\/2024\/07\/WIDGETS-Pagina-de-vendas-de-mentoria-para-nutricionistas-Site-750-x-405-px-7-1.png 750w, https:\/\/lacylimanutri.com.br\/wp-content\/uploads\/2024\/07\/WIDGETS-Pagina-de-vendas-de-mentoria-para-nutricionistas-Site-750-x-405-px-7-1-300x162.png 300w\" sizes=\"(max-width: 750px) 100vw, 750px\" \/>\t\t\t\t\t\t\t\t<\/a>\n\t\t\t\t\t\t\t\t\t\t\t\t\t<\/div>\n\t\t\t\t<\/div>\n\t\t\t\t<\/div>\n\t\t\t\t<\/div>\n\t\t\t\t\t<\/div>\n\t\t\t\t<\/div>\n\t\t<div class=\"elementor-element elementor-element-59d3c8e elementor-hidden-mobile e-flex e-con-boxed e-con e-parent\" data-id=\"59d3c8e\" data-element_type=\"container\" data-settings=\"{&quot;background_background&quot;:&quot;classic&quot;}\">\n\t\t\t\t\t<div class=\"e-con-inner\">\n\t\t<div class=\"elementor-element elementor-element-d4fedb1 e-con-full e-flex e-con e-child\" data-id=\"d4fedb1\" data-element_type=\"container\">\n\t\t\t\t<div class=\"elementor-element elementor-element-4542359 elementor-hidden-mobile elementor-widget elementor-widget-image\" data-id=\"4542359\" data-element_type=\"widget\" data-widget_type=\"image.default\">\n\t\t\t\t<div class=\"elementor-widget-container\">\n\t\t\t\t\t\t\t\t\t\t\t\t\t\t<a href=\"https:\/\/www.youtube.com\/c\/LacyLima\">\n\t\t\t\t\t\t\t<img loading=\"lazy\" decoding=\"async\" width=\"750\" height=\"405\" src=\"https:\/\/lacylimanutri.com.br\/wp-content\/uploads\/2024\/06\/BOTAO-Canal-do-YouTube.png\" class=\"elementor-animation-shrink attachment-full size-full wp-image-230\" alt=\"\" srcset=\"https:\/\/lacylimanutri.com.br\/wp-content\/uploads\/2024\/06\/BOTAO-Canal-do-YouTube.png 750w, https:\/\/lacylimanutri.com.br\/wp-content\/uploads\/2024\/06\/BOTAO-Canal-do-YouTube-300x162.png 300w\" sizes=\"(max-width: 750px) 100vw, 750px\" \/>\t\t\t\t\t\t\t\t<\/a>\n\t\t\t\t\t\t\t\t\t\t\t\t\t<\/div>\n\t\t\t\t<\/div>\n\t\t\t\t<\/div>\n\t\t\t\t\t<\/div>\n\t\t\t\t<\/div>\n\t\t<div class=\"elementor-element elementor-element-fab8ed8 elementor-hidden-mobile e-flex e-con-boxed e-con e-parent\" data-id=\"fab8ed8\" data-element_type=\"container\" data-settings=\"{&quot;background_background&quot;:&quot;classic&quot;}\">\n\t\t\t\t\t<div class=\"e-con-inner\">\n\t\t<div class=\"elementor-element elementor-element-bb2b19b e-con-full e-flex e-con e-child\" data-id=\"bb2b19b\" data-element_type=\"container\">\n\t\t\t\t<div class=\"elementor-element elementor-element-45ad980 elementor-widget elementor-widget-image\" data-id=\"45ad980\" data-element_type=\"widget\" data-widget_type=\"image.default\">\n\t\t\t\t<div class=\"elementor-widget-container\">\n\t\t\t\t\t\t\t\t\t\t\t\t\t<img loading=\"lazy\" decoding=\"async\" width=\"922\" height=\"1024\" src=\"https:\/\/lacylimanutri.com.br\/wp-content\/uploads\/2024\/06\/IMG-Lacy-Lima-922x1024.png\" class=\"attachment-large size-large wp-image-234\" alt=\"\" srcset=\"https:\/\/lacylimanutri.com.br\/wp-content\/uploads\/2024\/06\/IMG-Lacy-Lima-922x1024.png 922w, https:\/\/lacylimanutri.com.br\/wp-content\/uploads\/2024\/06\/IMG-Lacy-Lima-270x300.png 270w, https:\/\/lacylimanutri.com.br\/wp-content\/uploads\/2024\/06\/IMG-Lacy-Lima-768x853.png 768w, https:\/\/lacylimanutri.com.br\/wp-content\/uploads\/2024\/06\/IMG-Lacy-Lima.png 1350w\" sizes=\"(max-width: 922px) 100vw, 922px\" \/>\t\t\t\t\t\t\t\t\t\t\t\t\t<\/div>\n\t\t\t\t<\/div>\n\t\t\t\t<\/div>\n\t\t<div class=\"elementor-element elementor-element-cd9a346 e-con-full e-flex e-con e-child\" data-id=\"cd9a346\" data-element_type=\"container\">\n\t\t\t\t<div class=\"elementor-element elementor-element-1a0bb92 elementor-widget elementor-widget-heading\" data-id=\"1a0bb92\" data-element_type=\"widget\" data-widget_type=\"heading.default\">\n\t\t\t\t<div class=\"elementor-widget-container\">\n\t\t\t<h2 class=\"elementor-heading-title elementor-size-default\">Lacy Lima<\/h2>\t\t<\/div>\n\t\t\t\t<\/div>\n\t\t\t\t<div class=\"elementor-element elementor-element-75fba94 elementor-widget elementor-widget-heading\" data-id=\"75fba94\" data-element_type=\"widget\" data-widget_type=\"heading.default\">\n\t\t\t\t<div class=\"elementor-widget-container\">\n\t\t\t<h2 class=\"elementor-heading-title elementor-size-default\">Sou formada pela Universidade Tiradentes desde 2014 e <b>especialista em nutri\u00e7\u00e3o esportiva<\/b>, <b>nutri\u00e7\u00e3o cl\u00ednica<\/b> e <b>sa\u00fade intestinal<\/b>, com forma\u00e7\u00e3o em modula\u00e7\u00e3o intestinal. Ao longo dos anos, <b>tive a oportunidade de atender mais de 10 mil pacientes<\/b>, aplicando meus conhecimentos <b>para promover sa\u00fade e bem-estar atrav\u00e9s da nutri\u00e7\u00e3o de qualidade<\/b>, com foco al\u00e9m da est\u00e9tica.<\/h2>\t\t<\/div>\n\t\t\t\t<\/div>\n\t\t\t\t<\/div>\n\t\t\t\t\t<\/div>\n\t\t\t\t<\/div>\n\t\t<div class=\"elementor-element elementor-element-da3d268 e-flex e-con-boxed e-con e-parent\" data-id=\"da3d268\" data-element_type=\"container\" data-settings=\"{&quot;background_background&quot;:&quot;classic&quot;}\">\n\t\t\t\t\t<div class=\"e-con-inner\">\n\t\t\t\t<div class=\"elementor-element elementor-element-8bed591 elementor-widget elementor-widget-heading\" data-id=\"8bed591\" data-element_type=\"widget\" data-widget_type=\"heading.default\">\n\t\t\t\t<div class=\"elementor-widget-container\">\n\t\t\t<h2 class=\"elementor-heading-title elementor-size-default\">Lacy Lima 2024 | Todos os direitos reservados<\/h2>\t\t<\/div>\n\t\t\t\t<\/div>\n\t\t\t\t\t<\/div>\n\t\t\t\t<\/div>\n\t\t\t\t<\/div>\n\t\t","protected":false},"excerpt":{"rendered":"<p>OUTROS SERVI\u00c7OS E-BOOKS DA NUTRI Lacy Lima Sou formada pela Universidade Tiradentes desde 2014 e especialista em nutri\u00e7\u00e3o esportiva, nutri\u00e7\u00e3o cl\u00ednica e sa\u00fade intestinal, com forma\u00e7\u00e3o em modula\u00e7\u00e3o intestinal. Ao longo dos anos, tive a oportunidade de atender mais de 10 mil pacientes, aplicando meus conhecimentos para promover sa\u00fade e bem-estar atrav\u00e9s da nutri\u00e7\u00e3o de [&hellip;]<\/p>\n","protected":false},"author":1,"featured_media":0,"parent":0,"menu_order":0,"comment_status":"closed","ping_status":"closed","template":"elementor_canvas","meta":{"footnotes":""},"class_list":["post-28","page","type-page","status-publish","hentry","entry"],"_links":{"self":[{"href":"https:\/\/lacylimanutri.com.br\/index.php\/wp-json\/wp\/v2\/pages\/28","targetHints":{"allow":["GET"]}}],"collection":[{"href":"https:\/\/lacylimanutri.com.br\/index.php\/wp-json\/wp\/v2\/pages"}],"about":[{"href":"https:\/\/lacylimanutri.com.br\/index.php\/wp-json\/wp\/v2\/types\/page"}],"author":[{"embeddable":true,"href":"https:\/\/lacylimanutri.com.br\/index.php\/wp-json\/wp\/v2\/users\/1"}],"replies":[{"embeddable":true,"href":"https:\/\/lacylimanutri.com.br\/index.php\/wp-json\/wp\/v2\/comments?post=28"}],"version-history":[{"count":206,"href":"https:\/\/lacylimanutri.com.br\/index.php\/wp-json\/wp\/v2\/pages\/28\/revisions"}],"predecessor-version":[{"id":728,"href":"https:\/\/lacylimanutri.com.br\/index.php\/wp-json\/wp\/v2\/pages\/28\/revisions\/728"}],"wp:attachment":[{"href":"https:\/\/lacylimanutri.com.br\/index.php\/wp-json\/wp\/v2\/media?parent=28"}],"curies":[{"name":"wp","href":"https:\/\/api.w.org\/{rel}","templated":true}]}}